{"id":2,"date":"2016-09-15T16:07:21","date_gmt":"2016-09-15T16:07:21","guid":{"rendered":"http:\/\/www.yogatradizione.it\/?page_id=2"},"modified":"2025-09-11T17:42:24","modified_gmt":"2025-09-11T17:42:24","slug":"sample-page","status":"publish","type":"page","link":"https:\/\/www.yogatradizione.it\/?page_id=2","title":{"rendered":"Studio e Pratiche di Yoga Tradizionale, Filosofia e Meditazione"},"content":{"rendered":"<div class=\"wpb-content-wrapper\"><p>[vc_row][vc_column][vc_custom_heading font_container=&#8221;tag:h3|font_size:Studio%20e%20Pratiche%20di%20Yoga%20Tradizionale%2C%20Mantra%20e%20Meditazione|text_align:left|color:%23212121|line_height:20&#8243; link=&#8221;url:%23|||&#8221;][vc_column_text css=&#8221;&#8221;]<\/p>\n<blockquote>\n<p>Lo Yoga \u00e8 un&#8217;armonizzazione completa rivolta alla totalit\u00e0 dell&#8217;essere. E&#8217; la disciplina per il controllo del corpo, della mente e delle emozioni, ideale per raggiungere la serenit\u00e0, la tranquillit\u00e0, l&#8217;equilibrio interiore e la gioia di vivere &#8220;. ( Eros Selvanizza )<\/p>\n<p>&#8221; Lo yoga incarna l&#8217;unit\u00e0 di mente e corpo, pensiero e azione , moderazione e realizzazione, l&#8217;armonia tra uomo e natura e un approccio olistico alla salute e al benessere. Non si tratta di esercizio, ma di scoprire il senso di unit\u00e0 con se stessi, il mondo e la natura &#8220;. ( Narendra Damodardas Modi )<\/p>\n<p>&nbsp;<\/p>\n<\/blockquote>\n<p style=\"text-align: left;\" align=\"center\"><strong><em><span style=\"color: #001f5f;\">Asana<\/span><\/em><\/strong><em> \u2013 Le posizioni dello Yoga sono proposte per migliorare il benessere psicofisico; aumentano il tono muscolare, la flessibilit\u00e0 articolare ed aiutano quindi ad acquisire leggerezza e una corretta statica del corpo.<strong>La pratica delle posture stimola la<\/strong> <strong>circolazione del sangue, il ritorno linfatico e fortifica il sistema nervoso; <\/strong>favorisce \u00a0il controllo delle emozioni e aumenta la concentrazione. Praticando in modo corretto, si sviluppa un senso di stabilit\u00e0 e benessere, riducendo le tensioni fisiche e mentali.<\/em><\/p>\n<p><strong><em><span style=\"color: #001f5f;\">Respirazione e Pranayama<\/span><\/em><\/strong><em> sono tecniche profonde che dirigono e amplificano \u201dl\u2019energia vitale\u201d, controllano \u00a0lo stress e aumentano <strong>l\u2019armonizzazione dei processi mentali<\/strong> e<strong> la qualit\u00e0 del sonno<\/strong>.<\/em><\/p>\n<p><strong><em><span style=\"color: #001f5f;\">Concentrazione e Meditazione<\/span><\/em><\/strong><em> calmano la mente, dirigono il flusso dei pensieri ed espandono lo spazio della Coscienza.\u00a0 La pratica regolare della <strong>concentrazione e meditazione aumenta le facolt\u00e0 intuitive, la creativit\u00e0, la qualit\u00e0<\/strong> <strong>del sonno <\/strong>e conduce ad importanti ricadute positive sul <strong>benessere individuale<\/strong> comprovate a livello scientifico da importanti studi effettuati dalle Universit\u00e0 e negli Istituti di Ricerca indiani ed occidentali.\u00a0 \u00a0<\/em><\/p>\n<p style=\"text-align: center;\">\u00a0 \u00a0<strong>Sinteticamente una lezione\u00a0segue\u00a0 la seguente scaletta:\u00a0\u00a0\u00a0\u00a0\u00a0\u00a0\u00a0 <\/strong><\/p>\n<ul>\n<li><strong>Interiorizzazione <\/strong>iniziale e ascolto di un mantra<\/li>\n<li><strong>Lettura<\/strong> di un brano tratto da scritti o poesie dei Maestri della Tradizione<\/li>\n<li><strong>Pratica<\/strong> di asana\/pranayama\/mudra\/rotazione della coscienza attraverso il corpo<\/li>\n<li><strong>Relax<\/strong> <strong>finale<\/strong> (yoga nidra\/ shavayatra\/ meditazione guidata\/ pratiche di Dharana e Dhyana).<\/li>\n<\/ul>\n<p><strong>Obiettivo degli incontri<\/strong> \u00e8 fornire ai Praticanti le conoscenze fondamentali\u00a0 per esercitare pratiche yoga tradizionali antistress in buona autonomia, sviluppando la consapevolezza sul corpo, sul respiro e sul flusso mentale per il raggiungimento di una condizione duratura di equilibrio psico-fisico che promuove la crescita personale.<\/p>\n<p style=\"text-align: center;\"><strong>PER TUTTE LE LEZIONI SI RACCOMANDA:<\/strong><\/p>\n<ul>\n<li><span style=\"color: #0000ff;\"><strong>DI ATTENERSI SCRUPOLOSAMENTE AL PROTOCOLLO PER LA PREVENZIONE COVID-19 ESPOSTO NEI LOCALI DEL CENTRO YOGA<\/strong><\/span><\/li>\n<li>Tuta da ginnastica comoda e calze antiscivolo (le pi\u00f9 indicate sono con l&#8217;alluce separato)<\/li>\n<li><span style=\"color: #0000ff;\"><strong>L\u2019accesso al Centro Yoga con 15 minuti di anticipo per permettere i necessari controlli di prevenzione COVID-19<\/strong><\/span><\/li>\n<li><strong>Il proprio telefonino silenziato (o inserito su riunione) per tutta la durata delle pratiche.<\/strong><\/li>\n<\/ul>\n<p style=\"text-align: center;\"><strong>PERIODO DI SVOLGIMENTO DELLE LEZIONI:<\/strong><\/p>\n<p align=\"center\">\u00a0<span style=\"color: #0000ff;\"><strong>OTTOBRE &#8211;\u00a0 GENNAIO<\/strong><\/span><br \/>\n<span style=\"color: #0000ff;\"><strong>FEBBRAIO &#8211; MAGGIO<\/strong><\/span><\/p>\n<p align=\"center\"><strong>LEZIONE SETTIMANALI DI 2 ORE OGNUNA,<\/strong><br \/>\nSVOLTE NEI GIORNI FERIALI PROGRAMMATI<\/p>\n<p align=\"center\"><strong>PARMA &#8211; BARDI &#8211; BEDONIA<\/strong><\/p>\n<p><em>Ai partecipanti alle pratiche nei periodi indicati, <span style=\"color: #0000ff;\"><strong>verr\u00e0 rilasciato un attestato di partecipazione.<\/strong><\/span><\/em><\/p>\n<p><strong><em>Utilizzare i seguenti recapiti per prenotare in anticipo la LEZIONE DI PROVA e richiedere altre informazioni:<\/em><\/strong><\/p>\n<p>&#8211; Telefono cellulare 334 232 3911<br \/>\n&#8211; Telefono fisso 0521 571 758<br \/>\n&#8211; E-mail: <a href=\"mailto:posta@yogatradizione.it\">posta@yogatradizione.it<\/a>[\/vc_column_text][\/vc_column][\/vc_row][vc_row][vc_column][vc_column_text css=&#8221;&#8221;]<strong>\u00a0<\/strong>[\/vc_column_text][vc_column_text css=&#8221;&#8221;]<span style=\"font-size: 19px; font-weight: 900; letter-spacing: 0.13333em; text-transform: uppercase;\">La didattica Yoga RIPRENDERA&#8217; a partire dalla terza settimana di\u00a0 settembre CON LE LEZIONI DI PROVA GRATUITE<\/span><\/p>\n<p>&nbsp;[\/vc_column_text][\/vc_column][\/vc_row]<\/p>\n<\/div>","protected":false},"excerpt":{"rendered":"<p>[vc_row][vc_column][vc_custom_heading font_container=&#8221;tag:h3|font_size:Studio%20e%20Pratiche%20di%20Yoga%20Tradizionale%2C%20Mantra%20e%20Meditazione|text_align:left|color:%23212121|line_height:20&#8243; link=&#8221;url:%23|||&#8221;][vc_column_text css=&#8221;&#8221;] Lo Yoga \u00e8 un&#8217;armonizzazione completa rivolta alla totalit\u00e0 dell&#8217;essere. E&#8217; la disciplina per il controllo del corpo, della mente e delle emozioni, ideale per raggiungere la [&hellip;]<\/p>\n","protected":false},"author":1,"featured_media":0,"parent":0,"menu_order":0,"comment_status":"closed","ping_status":"open","template":"","meta":{"footnotes":""},"class_list":["post-2","page","type-page","status-publish","hentry"],"_links":{"self":[{"href":"https:\/\/www.yogatradizione.it\/index.php?rest_route=\/wp\/v2\/pages\/2","targetHints":{"allow":["GET"]}}],"collection":[{"href":"https:\/\/www.yogatradizione.it\/index.php?rest_route=\/wp\/v2\/pages"}],"about":[{"href":"https:\/\/www.yogatradizione.it\/index.php?rest_route=\/wp\/v2\/types\/page"}],"author":[{"embeddable":true,"href":"https:\/\/www.yogatradizione.it\/index.php?rest_route=\/wp\/v2\/users\/1"}],"replies":[{"embeddable":true,"href":"https:\/\/www.yogatradizione.it\/index.php?rest_route=%2Fwp%2Fv2%2Fcomments&post=2"}],"version-history":[{"count":40,"href":"https:\/\/www.yogatradizione.it\/index.php?rest_route=\/wp\/v2\/pages\/2\/revisions"}],"predecessor-version":[{"id":7492,"href":"https:\/\/www.yogatradizione.it\/index.php?rest_route=\/wp\/v2\/pages\/2\/revisions\/7492"}],"wp:attachment":[{"href":"https:\/\/www.yogatradizione.it\/index.php?rest_route=%2Fwp%2Fv2%2Fmedia&parent=2"}],"curies":[{"name":"wp","href":"https:\/\/api.w.org\/{rel}","templated":true}]}}