{"id":6883,"date":"2016-09-25T06:16:26","date_gmt":"2016-09-25T06:16:26","guid":{"rendered":"http:\/\/www.yogatradizione.it\/?page_id=6883"},"modified":"2016-09-25T06:18:36","modified_gmt":"2016-09-25T06:18:36","slug":"il-mantra-om","status":"publish","type":"page","link":"https:\/\/www.yogatradizione.it\/?page_id=6883","title":{"rendered":"Il Mantra OM"},"content":{"rendered":"<p>Nella tradizione dello <em>Yoga<\/em> il mantra <em>OM<\/em> \u00e8 il pi\u00f9 sacro e rappresentativo dei suoni recitati. E\u2019 considerato dalle antiche scritture e dai Maestri di meditazione il suono primo che ha dato origine alla creazione. Una vibrazione primordiale indifferenziata che conduce al Brahman, a Dio, all\u2019origine di ogni cosa esistita, presente e futura.<\/p>\n<p><img loading=\"lazy\" decoding=\"async\" class=\"size-medium wp-image-6826 aligncenter\" src=\"https:\/\/www.yogatradizione.it\/wp-content\/uploads\/2016\/09\/Sfondo_corsi-262x300.png\" alt=\"sfondo_corsi\" width=\"262\" height=\"300\" srcset=\"https:\/\/www.yogatradizione.it\/wp-content\/uploads\/2016\/09\/Sfondo_corsi-262x300.png 262w, https:\/\/www.yogatradizione.it\/wp-content\/uploads\/2016\/09\/Sfondo_corsi.png 654w\" sizes=\"auto, (max-width: 262px) 100vw, 262px\" \/><\/p>\n<p>&nbsp;<\/p>\n<p>Deriva dall\u2019originale mantra induista AUM, dove la \u201cA\u201d rappresenta lo stato della coscienza di veglia, la \u201cU\u201d lo stato della coscienza di sogno, la \u201cM\u201d lo stato della coscienza del sonno. La parola OM \u00e8 il quarto stato, quello della coscienza suprema. Esso proietta nella dimensione del silenzio, dell\u2019ascolto, della ritrovata armonia.<\/p>\n<p>Il Mandukya Upanishad (400 \u2013 200 a.C.) \u00e8 il testo delle antiche scritture sanscrite che parla della AUM in 12 versetti, esponendo con ricchezza di dettaglio, quanto il suo stato latente racchiuda in se tutte le potenzialit\u00e0.<\/p>\n<p><img loading=\"lazy\" decoding=\"async\" class=\"size-medium wp-image-6794 aligncenter\" src=\"https:\/\/www.yogatradizione.it\/wp-content\/uploads\/2016\/09\/mantraom_clip_image004-278x300.jpg\" alt=\"mantraom_clip_image004\" width=\"278\" height=\"300\" srcset=\"https:\/\/www.yogatradizione.it\/wp-content\/uploads\/2016\/09\/mantraom_clip_image004-278x300.jpg 278w, https:\/\/www.yogatradizione.it\/wp-content\/uploads\/2016\/09\/mantraom_clip_image004.jpg 331w\" sizes=\"auto, (max-width: 278px) 100vw, 278px\" \/><\/p>\n<p>Il bija mantra <strong><em>OM <\/em><\/strong>recitato ad alta voce (<em>vacika japa<\/em>) coinvolge l\u2019atto respiratorio ed\u00a0 \u00e8 in grado di modulare un certo tipo di \u201cfisiologia della respirazione\u201d. La sua vibrazione vocale produce zone di risonanza nella gabbia toracica e nel cranio, interessando i livelli emozionali ed intuitivi della personalit\u00e0. La recita mentale (<em>manasika japa<\/em>) diviene anche strumento di interiorizzazione e di purificazione. <strong><em>OM <\/em><\/strong>armonizza il corpo con l\u2019inconscio ristrutturando una personalit\u00e0 frammentata.<\/p>\n<p align=\"center\"><strong>La <em>OM<\/em> \u00e8 la migliore espressione per inviare e ricevere un saluto.<\/strong><\/p>\n<p align=\"center\"><img loading=\"lazy\" decoding=\"async\" class=\"alignnone size-medium wp-image-6795\" src=\"https:\/\/www.yogatradizione.it\/wp-content\/uploads\/2016\/09\/mantraom_clip_image005-250x300.jpg\" alt=\"mantraom_clip_image005\" width=\"250\" height=\"300\" srcset=\"https:\/\/www.yogatradizione.it\/wp-content\/uploads\/2016\/09\/mantraom_clip_image005-250x300.jpg 250w, https:\/\/www.yogatradizione.it\/wp-content\/uploads\/2016\/09\/mantraom_clip_image005.jpg 344w\" sizes=\"auto, (max-width: 250px) 100vw, 250px\" \/><\/p>\n<blockquote>\n<p align=\"center\">OM. Questo mondo eterno \u00e8 tutto: ci\u00f2 che era, ci\u00f2 che \u00e8 e ci\u00f2 che sar\u00e0, e ci\u00f2 che \u00e8 al di l\u00e0 nell&#8217;eternit\u00e0. Tutto \u00e8 OM.<br \/>\nIl Brahman \u00e8 tutto e l&#8217;Atman \u00e8 Brahman. L&#8217;Atman, il S\u00e9, ha quattro stati o condizioni. Il primo \u00e8 la vita nello stato di veglia della coscienza che si muove verso l&#8217;esterno, che gode dei sette elementi grossolani esteriori.<br \/>\nIl secondo \u00e8 la vita nello stato di sogno della coscienza che si muove all&#8217;interno, godendo dei sette elementi sottili interiori nella sua stessa luce e solitudine.<br \/>\nIl terzo \u00e8 la vita nello stato di sonno della coscienza silenziosa dove la persona non ha desideri n\u00e9 sogni. Questa condizione di sonno profondo \u00e8 quella di unit\u00e0, un ammasso di coscienza silenziosa fatta di pace e che gode della pace.<br \/>\nQuesta coscienza silenziosa \u00e8 onnipotente, onnisciente, il sovrano interiore, la sorgente di tutto, l&#8217;inizio e la fine di tutti gli esseri.<br \/>\nIl quarto stato \u00e8 quello dell&#8217;Atman nel suo stato pi\u00f9 puro: la vita risvegliata della coscienza suprema. Non \u00e8 n\u00e9 coscienza esteriore n\u00e9 coscienza interiore, n\u00e9 semi-coscienza, n\u00e9 coscienza di sonno, n\u00e9 coscienza e neppure incoscienza. E&#8217; l&#8217;Atman, lo stesso Spirito, che non pu\u00f2 esser visto o toccato, che \u00e8 al di sopra di ogni distinzione, al di l\u00e0 del pensiero e ineffabile. L&#8217;unione con lui \u00e8 la prova suprema della sua realt\u00e0. E&#8217; la fine dell&#8217;evoluzione e della non-dualit\u00e0. E&#8217; pace e amore.<br \/>\nQuesto Atman \u00e8 la Parola eterna OM. E&#8217; composto da tre suoni: A, U, e M, che sono i primi tre stati di coscienza, e questi tre stati sono i tre suoni.<br \/>\nIl primo suono, A, \u00e8 il primo stato, della coscienza di veglia, comune a tutti gli uomini. Lo si trova nelle parole Apti, &#8216;conseguire&#8217;, e Adimatvam, &#8216;esser primo&#8217;. Colui che conosce questo ottiene in verit\u00e0 la realizzazione di tutti i suoi desideri, e primeggia in tutte le cose.<br \/>\nIl secondo suono, U, \u00e8 il secondo stato, della coscienza del sogno. Lo si ritrova nelle parole Utkarsha, &#8216;che si eleva&#8217;, e Ubhayatvam, &#8216;entrambi&#8217;. Colui che conosce questo accresce la tradizione della conoscenza e ottiene equilibrio. Nella sua famiglia non nascer\u00e0 mai qualcuno che non conosca il Brahman.<br \/>\nIl terzo suono, M, \u00e8 il terzo stato, della coscienza del sonno. Lo si ritrova nelle parole Miti, &#8216;misura&#8217;, e nella radice Mi, &#8216;finire&#8217;, che d\u00e0 luogo ad Apiti, &#8216;il fine ultimo&#8217;. Colui che conosce questo misura tutto con la mente e ottiene il Fine ultimo.<br \/>\nLa parola OM come suono unico \u00e8 il quarto stato della coscienza suprema. E&#8217; al di l\u00e0 dei sensi ed \u00e8 la fine dell&#8217;evoluzione. E&#8217; non dualit\u00e0 e amore. Va con il suo s\u00e9 verso il supremo S\u00e9 colui che conosce questo.<\/p>\n<div class=\"style4\" align=\"right\">\n<p>( Mandukya Upanishad;\u00a0 700 \u2013 300 a.C. )<\/p>\n<\/div>\n<\/blockquote>\n","protected":false},"excerpt":{"rendered":"<p>Nella tradizione dello Yoga il mantra OM \u00e8 il pi\u00f9 sacro e rappresentativo dei suoni recitati. E\u2019 considerato dalle antiche scritture e dai Maestri di meditazione il suono primo che [&hellip;]<\/p>\n","protected":false},"author":1,"featured_media":0,"parent":0,"menu_order":0,"comment_status":"closed","ping_status":"closed","template":"","meta":{"footnotes":""},"class_list":["post-6883","page","type-page","status-publish","hentry"],"_links":{"self":[{"href":"https:\/\/www.yogatradizione.it\/index.php?rest_route=\/wp\/v2\/pages\/6883","targetHints":{"allow":["GET"]}}],"collection":[{"href":"https:\/\/www.yogatradizione.it\/index.php?rest_route=\/wp\/v2\/pages"}],"about":[{"href":"https:\/\/www.yogatradizione.it\/index.php?rest_route=\/wp\/v2\/types\/page"}],"author":[{"embeddable":true,"href":"https:\/\/www.yogatradizione.it\/index.php?rest_route=\/wp\/v2\/users\/1"}],"replies":[{"embeddable":true,"href":"https:\/\/www.yogatradizione.it\/index.php?rest_route=%2Fwp%2Fv2%2Fcomments&post=6883"}],"version-history":[{"count":1,"href":"https:\/\/www.yogatradizione.it\/index.php?rest_route=\/wp\/v2\/pages\/6883\/revisions"}],"predecessor-version":[{"id":6884,"href":"https:\/\/www.yogatradizione.it\/index.php?rest_route=\/wp\/v2\/pages\/6883\/revisions\/6884"}],"wp:attachment":[{"href":"https:\/\/www.yogatradizione.it\/index.php?rest_route=%2Fwp%2Fv2%2Fmedia&parent=6883"}],"curies":[{"name":"wp","href":"https:\/\/api.w.org\/{rel}","templated":true}]}}